{"id":341,"date":"2023-05-26T11:09:00","date_gmt":"2023-05-26T14:09:00","guid":{"rendered":"http:\/\/leopoldomandic.com.br\/site\/?page_id=341"},"modified":"2023-05-26T11:28:55","modified_gmt":"2023-05-26T14:28:55","slug":"sindrome-da-medula-ancorada","status":"publish","type":"page","link":"https:\/\/leopoldomandic.com.br\/site\/index.php\/sindrome-da-medula-ancorada\/","title":{"rendered":"S\u00edndrome da Medula Ancorada"},"content":{"rendered":"<p>[et_pb_section fb_built=&#8221;1&#8243; fullwidth=&#8221;on&#8221; admin_label=&#8221;Se\u00e7\u00e3o&#8221; _builder_version=&#8221;3.0.47&#8243;][et_pb_fullwidth_slider parallax=&#8221;on&#8221; admin_label=&#8221;Bot\u00e3o Deslizante de Largura Completa&#8221; _builder_version=&#8221;3.0.50&#8243;][et_pb_slide background_image=&#8221;http:\/\/leopoldomandic.com.br\/site\/wp-content\/uploads\/2018\/01\/Siteleopoldo-01.jpg&#8221; _builder_version=&#8221;3.0.50&#8243;][\/et_pb_slide][\/et_pb_fullwidth_slider][\/et_pb_section][et_pb_section fb_built=&#8221;1&#8243; background_color=&#8221;#0b98c6&#8243; custom_padding=&#8221;9px|0px|5px|0px&#8221; admin_label=&#8221;section&#8221; _builder_version=&#8221;3.0.50&#8243;][et_pb_row custom_padding=&#8221;27px|0px|8px|0px&#8221; admin_label=&#8221;row&#8221; _builder_version=&#8221;3.0.47&#8243; background_size=&#8221;initial&#8221; background_position=&#8221;top_left&#8221; background_repeat=&#8221;repeat&#8221;][et_pb_column type=&#8221;4_4&#8243; _builder_version=&#8221;3.0.47&#8243; parallax=&#8221;off&#8221; parallax_method=&#8221;on&#8221;][et_pb_text admin_label=&#8221;Texto&#8221; _builder_version=&#8221;3.0.50&#8243;]<\/p>\n<h3><span style=\"color: #ffffff; font-size: x-large;\">S&iacute;ndrome da Medula Ancorada&nbsp;<\/span><\/h3>\n<p>[\/et_pb_text][\/et_pb_column][\/et_pb_row][\/et_pb_section][et_pb_section fb_built=&#8221;1&#8243; custom_padding=&#8221;25px|0px|16px|0px&#8221; admin_label=&#8221;section&#8221; _builder_version=&#8221;3.0.50&#8243;][et_pb_row custom_padding=&#8221;28px|0px|27px|0px&#8221; admin_label=&#8221;row&#8221; _builder_version=&#8221;3.0.50&#8243;][et_pb_column type=&#8221;4_4&#8243; _builder_version=&#8221;3.0.47&#8243; parallax=&#8221;off&#8221; parallax_method=&#8221;on&#8221;][et_pb_text admin_label=&#8221;Texto&#8221; _builder_version=&#8221;3.0.50&#8243;]<\/p>\n<div class=\"page\" title=\"Page 6\">\n<div class=\"layoutArea\">\n<div class=\"column\">\n<p style=\"text-align: justify;\"><span>Trata-se de uma tri\u0301ade de tipos sintomas ( dai\u0301 a denominac\u0327a\u0303o de si\u0301ndrome) que pode afetar o sistema nervoso, urolo\u0301gico e ortope\u0301dico como conseque\u0302ncia do hiper estiramento da medula em virtude do seu ancoramento pela doenc\u0327a de base. <\/span><\/p>\n<p style=\"text-align: justify;\"><span>Tal estiramento ocorre como resultado da combinac\u0327a\u0303o entre o ancoramento e o crescimento das crianc\u0327as e produz um efeito semelhante a corda de um viola\u0303o ao ser esticada. <\/span><\/p>\n<p style=\"text-align: justify;\"><span>Estudos experimentais publicados por Yamada ainda na de\u0301cada de oitenta, demonstraram que o estiramento medular leva a comprometimento da atividade metabo\u0301lica dos neuro\u0302nios da medula espinhal e que e\u0301 por isso que surgem os sintomas como piora da sensibilidade e forc\u0327a nos membros inferiores, aumento da deformidade nos pe\u0301s como resultado da assimetria da forc\u0327a muscular, escoliose, piora da func\u0327a\u0303o vesical por enfraquecimento do mu\u0301sculo detrusor da bexiga e do esfi\u0301ncter por efeito da lesa\u0303o adicional das rai\u0301zes sacrais. <\/span><\/p>\n<p style=\"text-align: justify;\"><span>Assim, o tratamento da si\u0301ndrome da medula ancorada e, consequentemente do disrafismo oculto, consiste em desconectar a medula das suas adere\u0302ncias e permitir assim o restabelecimento da sua fisiologia. <\/span><\/p>\n<\/div>\n<\/div>\n<\/div>\n<p>[\/et_pb_text][\/et_pb_column][\/et_pb_row][\/et_pb_section]<\/p>\n","protected":false},"excerpt":{"rendered":"<p>S&iacute;ndrome da Medula Ancorada&nbsp; Trata-se de uma tri\u0301ade de tipos sintomas ( dai\u0301 a denominac\u0327a\u0303o de si\u0301ndrome) que pode afetar o sistema nervoso, urolo\u0301gico e ortope\u0301dico como conseque\u0302ncia do hiper estiramento da medula em virtude do seu ancoramento pela doenc\u0327a de base. Tal estiramento ocorre como resultado da combinac\u0327a\u0303o entre o ancoramento e o crescimento [&hellip;]<\/p>\n","protected":false},"author":1,"featured_media":0,"parent":0,"menu_order":0,"comment_status":"closed","ping_status":"closed","template":"","meta":{"_et_pb_use_builder":"on","_et_pb_old_content":"","_et_gb_content_width":"","footnotes":""},"class_list":["post-341","page","type-page","status-publish","hentry"],"_links":{"self":[{"href":"https:\/\/leopoldomandic.com.br\/site\/index.php\/wp-json\/wp\/v2\/pages\/341","targetHints":{"allow":["GET"]}}],"collection":[{"href":"https:\/\/leopoldomandic.com.br\/site\/index.php\/wp-json\/wp\/v2\/pages"}],"about":[{"href":"https:\/\/leopoldomandic.com.br\/site\/index.php\/wp-json\/wp\/v2\/types\/page"}],"author":[{"embeddable":true,"href":"https:\/\/leopoldomandic.com.br\/site\/index.php\/wp-json\/wp\/v2\/users\/1"}],"replies":[{"embeddable":true,"href":"https:\/\/leopoldomandic.com.br\/site\/index.php\/wp-json\/wp\/v2\/comments?post=341"}],"version-history":[{"count":7,"href":"https:\/\/leopoldomandic.com.br\/site\/index.php\/wp-json\/wp\/v2\/pages\/341\/revisions"}],"predecessor-version":[{"id":355,"href":"https:\/\/leopoldomandic.com.br\/site\/index.php\/wp-json\/wp\/v2\/pages\/341\/revisions\/355"}],"wp:attachment":[{"href":"https:\/\/leopoldomandic.com.br\/site\/index.php\/wp-json\/wp\/v2\/media?parent=341"}],"curies":[{"name":"wp","href":"https:\/\/api.w.org\/{rel}","templated":true}]}}